{"id":592,"date":"2014-03-18T09:49:29","date_gmt":"2014-03-18T09:49:29","guid":{"rendered":"http:\/\/the7.dream-demo.com\/business\/?page_id=2"},"modified":"2021-11-25T17:37:47","modified_gmt":"2021-11-25T16:37:47","slug":"sample-page-2","status":"publish","type":"page","link":"https:\/\/retail4change.org\/","title":{"rendered":"Accueil"},"content":{"rendered":"<p>[vc_row css=\u00a0\u00bb.vc_custom_1529701062234{padding-top: 80px !important;}\u00a0\u00bb][vc_column width=\u00a0\u00bb5\/6&Prime; offset=\u00a0\u00bbvc_col-lg-offset-1 vc_col-md-offset-1 vc_col-sm-offset-1&Prime;]<div id=\"ultimate-heading-975169e8b4513ed9c\" class=\"uvc-heading ult-adjust-bottom-margin ultimate-heading-975169e8b4513ed9c uvc-4368 \" data-hspacer=\"no_spacer\"  data-halign=\"center\" style=\"text-align:center\"><div class=\"uvc-heading-spacer no_spacer\" style=\"top\"><\/div><div class=\"uvc-main-heading ult-responsive\"  data-ultimate-target='.uvc-heading.ultimate-heading-975169e8b4513ed9c h2'  data-responsive-json-new='{\"font-size\":\"desktop:40px;\",\"line-height\":\"desktop:50px;\"}' ><h2 style=\"--font-weight:theme;color:#495358;margin-top:30px;margin-bottom:30px;\">Notre site est actuellement en construction<\/h2><\/div><\/div>[vc_column_text css=\u00a0\u00bb.vc_custom_1637838987795{margin-right: 30px !important;margin-left: 30px !important;}\u00a0\u00bb]<\/p>\n<p style=\"text-align: center;\">En attendant vous pouvez nous contacter via le formulaire ci-dessous.<\/p>\n<p style=\"text-align: center;\">Nous me manquerons pas de vous informer d\u00e8s que notre site est op\u00e9rationnel.<\/p>\n<p style=\"text-align: center;\">A bient\u00f4t !<\/p>\n<p>[\/vc_column_text][\/vc_column][\/vc_row][vc_row content_placement=\u00a0\u00bbmiddle\u00a0\u00bb][vc_column width=\u00a0\u00bb1\/6&Prime;][\/vc_column][vc_column width=\u00a0\u00bb2\/3&Prime;]<form class=\"dt-contact-form dt-form privacy-form\" method=\"post\"><input type=\"hidden\" name=\"widget_id\" value=\"presscore-contact-form-widget--1\" \/><input type=\"hidden\" name=\"send_message\" value=\"\" \/><input type=\"hidden\" name=\"security_token\" value=\"bc4c6024ca9cb9d3c06e\"\/><div class=\"form-fields\"><span class=\"form-name\"><label class=\"assistive-text\">Nom *<\/label><input type=\"text\" class=\"validate[required]\" placeholder=\"Nom *\" name=\"name\" value=\"\" aria-required=\"true\">\n<\/span><span class=\"form-mail\"><label class=\"assistive-text\">E-mail *<\/label><input type=\"text\" class=\"validate[required,custom[email]]\" placeholder=\"E-mail *\" name=\"email\" value=\"\" aria-required=\"true\">\n<\/span><span class=\"form-telephone\"><label class=\"assistive-text\">T\u00e9l\u00e9phone<\/label><input type=\"text\" placeholder=\"T\u00e9l\u00e9phone\" name=\"telephone\" value=\"\" aria-required=\"false\">\n<\/span><span class=\"form-company\"><label class=\"assistive-text\">Entreprise<\/label><input type=\"text\" placeholder=\"Entreprise\" name=\"company\" value=\"\" aria-required=\"false\">\n<\/span><\/div><span class=\"form-message\"><label class=\"assistive-text\">Message *<\/label><textarea class=\"validate[required]\" placeholder=\"Message *\" name=\"message\" rows=\"6\" aria-required=\"true\"><\/textarea>\n<\/span><p class=\"the7-form-terms-wrap\"><input type=\"checkbox\" id=\"the7-form-terms-b0d6951563a26ffeb2405a9653b3b422\" name=\"terms\" class=\"validate[required] the7-form-terms\" aria-required=\"true\" \/>&nbsp;<label for=\"the7-form-terms-b0d6951563a26ffeb2405a9653b3b422\"><span class=\"form-terms-text\">En utilisant ce formulaire, vous acceptez le stockage et le traitement de vos donn\u00e9es par Retail4Change.<\/span><\/label><\/p><p><a href=\"#\" class=\"dt-btn dt-btn-m dt-btn-submit\" rel=\"nofollow\"><span>Envoyer<\/span><\/a><input class=\"assistive-text\" type=\"submit\" value=\"envoyer\"><\/p><\/form>\n[\/vc_column][vc_column width=\u00a0\u00bb1\/6&Prime;][\/vc_column][\/vc_row]<\/p>\n","protected":false},"excerpt":{"rendered":"<p>[vc_row css=\u00a0\u00bb.vc_custom_1529701062234{padding-top: 80px !important;}\u00a0\u00bb][vc_column width=\u00a0\u00bb5\/6&Prime; offset=\u00a0\u00bbvc_col-lg-offset-1 vc_col-md-offset-1 vc_col-sm-offset-1&Prime;][vc_column_text css=\u00a0\u00bb.vc_custom_1637838987795{margin-right: 30px !important;margin-left: 30px !important;}\u00a0\u00bb] En attendant vous pouvez nous contacter via le formulaire ci-dessous. Nous me manquerons pas de vous informer d\u00e8s que notre site est op\u00e9rationnel. A bient\u00f4t ! [\/vc_column_text][\/vc_column][\/vc_row][vc_row content_placement=\u00a0\u00bbmiddle\u00a0\u00bb][vc_column width=\u00a0\u00bb1\/6&Prime;][\/vc_column][vc_column width=\u00a0\u00bb2\/3&Prime;][\/vc_column][vc_column width=\u00a0\u00bb1\/6&Prime;][\/vc_column][\/vc_row]<\/p>\n","protected":false},"author":1,"featured_media":0,"parent":0,"menu_order":0,"comment_status":"closed","ping_status":"closed","template":"","meta":[],"_links":{"self":[{"href":"https:\/\/retail4change.org\/index.php\/wp-json\/wp\/v2\/pages\/592"}],"collection":[{"href":"https:\/\/retail4change.org\/index.php\/wp-json\/wp\/v2\/pages"}],"about":[{"href":"https:\/\/retail4change.org\/index.php\/wp-json\/wp\/v2\/types\/page"}],"author":[{"embeddable":true,"href":"https:\/\/retail4change.org\/index.php\/wp-json\/wp\/v2\/users\/1"}],"replies":[{"embeddable":true,"href":"https:\/\/retail4change.org\/index.php\/wp-json\/wp\/v2\/comments?post=592"}],"version-history":[{"count":8,"href":"https:\/\/retail4change.org\/index.php\/wp-json\/wp\/v2\/pages\/592\/revisions"}],"predecessor-version":[{"id":2595,"href":"https:\/\/retail4change.org\/index.php\/wp-json\/wp\/v2\/pages\/592\/revisions\/2595"}],"wp:attachment":[{"href":"https:\/\/retail4change.org\/index.php\/wp-json\/wp\/v2\/media?parent=592"}],"curies":[{"name":"wp","href":"https:\/\/api.w.org\/{rel}","templated":true}]}}